{"id":274,"date":"2023-03-16T01:15:17","date_gmt":"2023-03-16T01:15:17","guid":{"rendered":"https:\/\/vinhocallum.pt\/vinhos-beira-interior\/?page_id=274"},"modified":"2023-09-14T23:09:02","modified_gmt":"2023-09-14T23:09:02","slug":"politica-de-privacidade","status":"publish","type":"page","link":"https:\/\/vinhocallum.pt\/vinhos-beira-interior\/index.php\/politica-de-privacidade\/","title":{"rendered":"Pol\u00edtica de Privacidade PT"},"content":{"rendered":"\t\t<div data-elementor-type=\"wp-page\" data-elementor-id=\"274\" class=\"elementor elementor-274\">\n\t\t\t\t\t\t<section class=\"elementor-section elementor-top-section elementor-element elementor-element-83d5d0e elementor-section-boxed elementor-section-height-default elementor-section-height-default\" data-id=\"83d5d0e\" data-element_type=\"section\" data-e-type=\"section\">\n\t\t\t\t\t\t<div class=\"elementor-container elementor-column-gap-default\">\n\t\t\t\t\t<div class=\"elementor-column elementor-col-100 elementor-top-column elementor-element elementor-element-351532c\" data-id=\"351532c\" data-element_type=\"column\" data-e-type=\"column\">\n\t\t\t<div class=\"elementor-widget-wrap elementor-element-populated\">\n\t\t\t\t\t\t<div class=\"elementor-element elementor-element-94a69a0 elementor-widget elementor-widget-heading\" data-id=\"94a69a0\" data-element_type=\"widget\" data-e-type=\"widget\" data-widget_type=\"heading.default\">\n\t\t\t\t<div class=\"elementor-widget-container\">\n\t\t\t\t\t<h2 class=\"elementor-heading-title elementor-size-default\">Pol\u00edtica de Privacidade<\/h2>\t\t\t\t<\/div>\n\t\t\t\t<\/div>\n\t\t\t\t<div class=\"elementor-element elementor-element-79932fc elementor-widget elementor-widget-text-editor\" data-id=\"79932fc\" data-element_type=\"widget\" data-e-type=\"widget\" data-widget_type=\"text-editor.default\">\n\t\t\t\t<div class=\"elementor-widget-container\">\n\t\t\t\t\t\t\t\t\t<p><span style=\"font-size: medium;\"><b>\u00c2mbito<\/b><\/span><\/p><p><span style=\"font-size: medium;\">A presente pol\u00edtica de privacidade abrange este website \u2013 <a href=\"www.vinhocallum.pt\">www.vinhocallum.pt<\/a>.<\/span><\/p><p><span style=\"font-size: medium;\">Os dados n\u00e3o s\u00e3o processados para quaisquer outros fins que n\u00e3o os aqui especificados.<\/span><\/p><p><span style=\"font-size: medium;\">Os dados recolhidos pela S\u00e9rgio &amp; Tiod\u00f3sio, Lda. destinam-se ao processamento das encomendas e comunica\u00e7\u00e3o com os clientes ou pedidos de informa\u00e7\u00e3o.<\/span><\/p><p><span style=\"font-size: medium;\">Os Dados Pessoais asseguram o cumprimento com as disposi\u00e7\u00f5es do Regulamento (UE) 2016\/679 do Parlamento Europeu e do Conselho de 27 de abril de 2016, e demais legisla\u00e7\u00e3o aplic\u00e1vel e mat\u00e9ria de prote\u00e7\u00e3o de dados e privacidade (\u201cLegisla\u00e7\u00e3o de Prote\u00e7\u00e3o de Dados\u201d). <\/span><\/p><p><span style=\"font-size: medium;\">A S\u00e9rgio &amp; Tiod\u00f3zio, Lda est\u00e1 empenhada em proteger a privacidade dos visitantes do seu website e dos seus clientes, e em cumprir as obriga\u00e7\u00f5es estabelecidas pelo Regulamento Geral da Prote\u00e7\u00e3o de Dados (RGPD). Esta pol\u00edtica de privacidade descreve as informa\u00e7\u00f5es que coletamos, como as usamos e as protegemos. Ao usar o nosso site ou fornecer informa\u00e7\u00f5es pessoais, o visitante concorda com esta pol\u00edtica de privacidade.<\/span><\/p><p><span style=\"font-size: medium;\"><b>Informa\u00e7\u00e3o que coletamos<\/b><\/span><\/p><p><span style=\"font-size: medium;\">Enquanto visitante do website, n\u00e3o \u00e9 necess\u00e1rio fornecer quaisquer dados pessoais para utiliza\u00e7\u00e3o.<\/span><\/p><p><span style=\"font-size: medium;\">Podemos coletar informa\u00e7\u00f5es pessoais, como nome, endere\u00e7o de e-mail, endere\u00e7o postal e n\u00famero de telefone, quando o visitante toma a iniciativa de nos contactar. <\/span><\/p><p><span style=\"font-size: medium;\">Os dados pessoais dos utilizadores s\u00e3o recolhidos apenas quando \u00e9 realizado um pedido de informa\u00e7\u00f5es de contacto, de modo que seja poss\u00edvel\u00a0responder ao esclarecimento solicitado.<\/span><\/p><p><span style=\"font-size: medium;\">Presentemente n\u00e3o recolhemos informa\u00e7\u00e3o atrav\u00e9s do Google Analytics como a origem geogr\u00e1fica (cidade, pa\u00eds), tipo de dispositivo, sistema operativo, browser, operadora e acessos. Caso esta situa\u00e7\u00e3o se altere, ser\u00e1 oportunamente comunicada neste local, pelo que se aconselha a visita regular a esta pol\u00edtica.<\/span><\/p><p><span style=\"font-size: medium;\"><b>Como usamos as informa\u00e7\u00f5es <\/b><\/span><\/p><p><span style=\"font-size: medium;\">As informa\u00e7\u00f5es pessoais que coletamos s\u00e3o usadas apenas para possibilitar o fornecimento dos servi\u00e7os solicitados, como esclarecimentos ou vendas do nosso produto e n\u00e3o ser\u00e3o utilizados para qualquer outro processamento inclusive\u00a0Marketing Direto.<\/span><\/p><p><span style=\"font-size: medium;\"><b>Como protegemos as informa\u00e7\u00f5es <\/b><\/span><\/p><p><span style=\"font-size: medium;\">Todos os dados relativos a este website www.vinhocallum.pt s\u00e3o guardados em servidores localizados na Uni\u00e3o Europeia. Estes servidores s\u00e3o protegidos e mantidos de acordo com standards de seguran\u00e7a, por forma a respeitar as leis de privacidade aplic\u00e1veis.<\/span><\/p><p><span style=\"font-size: medium;\">As informa\u00e7\u00f5es s\u00e3o acess\u00edveis apenas por pessoas autorizadas da S\u00e9rgio &amp; Tiod\u00f3zio, Lda e s\u00f3 s\u00e3o mantidas pelo tempo necess\u00e1rio para fornecer servi\u00e7os solicitados ou para cumprir obriga\u00e7\u00f5es legais.<\/span><\/p><p><span style=\"font-size: medium;\"><b>Compartilhamento de informa\u00e7\u00f5es <\/b><\/span><\/p><p><span style=\"font-size: medium;\">N\u00e3o compartilhamos informa\u00e7\u00f5es pessoais com terceiros, a menos que seja necess\u00e1rio para fornecer servi\u00e7os solicitados ou cumprir obriga\u00e7\u00f5es legais. <\/span><\/p><p><a name=\"_GoBack\"><\/a><span style=\"font-size: medium;\"><b>Cookies <\/b><\/span><\/p><p><span style=\"font-size: medium;\">O nosso site usa cookies para melhorar a experi\u00eancia do usu\u00e1rio e para an\u00e1lise de dados. Os cookies s\u00e3o arquivos de texto armazenados no computador do visitante que cont\u00eam informa\u00e7\u00f5es sobre a navega\u00e7\u00e3o no site. Os visitantes podem escolher n\u00e3o aceitar cookies atrav\u00e9s das configura\u00e7\u00f5es do navegador, mas isso pode limitar a funcionalidade do site.<\/span><\/p><p><span style=\"font-size: medium;\"><b>Direitos dos titulares dos dados <\/b><\/span><\/p><p><span style=\"font-size: medium;\">Todo o conte\u00fado prestado nos pedidos de informa\u00e7\u00f5es de contato s\u00e3o\u00a0para as finalidades determinadas garantindo ao titular o acesso, a atualiza\u00e7\u00e3o, a retifica\u00e7\u00e3o e a elimina\u00e7\u00e3o dos seus dados.<\/span><\/p><p><span style=\"font-size: medium;\">Os titulares dos dados t\u00eam o direito de aceder, retificar e excluir suas informa\u00e7\u00f5es pessoais, bem como o direito de limitar o processamento e de se opor ao processamento das suas informa\u00e7\u00f5es pessoais. Para exercer esses direitos, entre em contato connosco atrav\u00e9s do e-mail <a href=\"mailto:geral@hotstuffdesign.pt\">geral@hotstuffdesign.pt<\/a>.<\/span><\/p><p><span style=\"font-size: medium;\"><b>Links para Paginas Web<\/b><\/span><\/p><p><span style=\"font-size: medium;\">Existem links para p\u00e1ginas web de entidades terceiras que podem ser de interesse para o utilizador, n\u00e3o sendo este site responsabilizado pela forma \u00e0 qual estas entidades tratam a prote\u00e7\u00e3o da privacidade e dos dados.<\/span><\/p><p><span style=\"font-size: medium;\"><b>Altera\u00e7\u00f5es a esta pol\u00edtica de privacidade <\/b><\/span><\/p><p><span style=\"font-size: medium;\">Atualiza\u00e7\u00f5es desta pol\u00edtica de privacidade para refletir mudan\u00e7as nos nossos servi\u00e7os e no cumprimento de obriga\u00e7\u00f5es legais ser\u00e3o publicadas no nosso site.<\/span><\/p><p><span style=\"font-size: medium;\">Se tiver alguma d\u00favida ou preocupa\u00e7\u00e3o sobre a nossa pol\u00edtica de privacidade, por favor entre em contato connosco atrav\u00e9s do e-mail [<a href=\"mailto:geral@hotstuffdesign.pt\">geral@hotstuffdesign.pt<\/a>].<\/span><\/p><p align=\"JUSTIFY\">\u00a0<\/p>\t\t\t\t\t\t\t\t<\/div>\n\t\t\t\t<\/div>\n\t\t\t\t\t<\/div>\n\t\t<\/div>\n\t\t\t\t\t<\/div>\n\t\t<\/section>\n\t\t\t\t<\/div>\n\t\t","protected":false},"excerpt":{"rendered":"<p>Pol\u00edtica de Privacidade \u00c2mbito A presente pol\u00edtica de privacidade abrange este website \u2013 www.vinhocallum.pt. Os dados n\u00e3o s\u00e3o processados para quaisquer outros fins que n\u00e3o os aqui especificados. Os dados recolhidos pela S\u00e9rgio &amp; Tiod\u00f3sio, Lda. destinam-se ao processamento das encomendas e comunica\u00e7\u00e3o com os clientes ou pedidos de informa\u00e7\u00e3o. Os Dados Pessoais asseguram o [&hellip;]<\/p>\n","protected":false},"author":1,"featured_media":0,"parent":0,"menu_order":10,"comment_status":"closed","ping_status":"closed","template":"elementor_canvas","meta":{"ocean_post_layout":"","ocean_both_sidebars_style":"","ocean_both_sidebars_content_width":0,"ocean_both_sidebars_sidebars_width":0,"ocean_sidebar":"0","ocean_second_sidebar":"0","ocean_disable_margins":"enable","ocean_add_body_class":"","ocean_shortcode_before_top_bar":"","ocean_shortcode_after_top_bar":"","ocean_shortcode_before_header":"","ocean_shortcode_after_header":"","ocean_has_shortcode":"","ocean_shortcode_after_title":"","ocean_shortcode_before_footer_widgets":"","ocean_shortcode_after_footer_widgets":"","ocean_shortcode_before_footer_bottom":"","ocean_shortcode_after_footer_bottom":"","ocean_display_top_bar":"default","ocean_display_header":"default","ocean_header_style":"","ocean_center_header_left_menu":"0","ocean_custom_header_template":"0","ocean_custom_logo":0,"ocean_custom_retina_logo":0,"ocean_custom_logo_max_width":0,"ocean_custom_logo_tablet_max_width":0,"ocean_custom_logo_mobile_max_width":0,"ocean_custom_logo_max_height":0,"ocean_custom_logo_tablet_max_height":0,"ocean_custom_logo_mobile_max_height":0,"ocean_header_custom_menu":"0","ocean_menu_typo_font_family":"0","ocean_menu_typo_font_subset":"","ocean_menu_typo_font_size":0,"ocean_menu_typo_font_size_tablet":0,"ocean_menu_typo_font_size_mobile":0,"ocean_menu_typo_font_size_unit":"px","ocean_menu_typo_font_weight":"","ocean_menu_typo_font_weight_tablet":"","ocean_menu_typo_font_weight_mobile":"","ocean_menu_typo_transform":"","ocean_menu_typo_transform_tablet":"","ocean_menu_typo_transform_mobile":"","ocean_menu_typo_line_height":0,"ocean_menu_typo_line_height_tablet":0,"ocean_menu_typo_line_height_mobile":0,"ocean_menu_typo_line_height_unit":"","ocean_menu_typo_spacing":0,"ocean_menu_typo_spacing_tablet":0,"ocean_menu_typo_spacing_mobile":0,"ocean_menu_typo_spacing_unit":"","ocean_menu_link_color":"","ocean_menu_link_color_hover":"","ocean_menu_link_color_active":"","ocean_menu_link_background":"","ocean_menu_link_hover_background":"","ocean_menu_link_active_background":"","ocean_menu_social_links_bg":"","ocean_menu_social_hover_links_bg":"","ocean_menu_social_links_color":"","ocean_menu_social_hover_links_color":"","ocean_disable_title":"default","ocean_disable_heading":"default","ocean_post_title":"","ocean_post_subheading":"","ocean_post_title_style":"","ocean_post_title_background_color":"","ocean_post_title_background":0,"ocean_post_title_bg_image_position":"","ocean_post_title_bg_image_attachment":"","ocean_post_title_bg_image_repeat":"","ocean_post_title_bg_image_size":"","ocean_post_title_height":0,"ocean_post_title_bg_overlay":0.5,"ocean_post_title_bg_overlay_color":"","ocean_disable_breadcrumbs":"default","ocean_breadcrumbs_color":"","ocean_breadcrumbs_separator_color":"","ocean_breadcrumbs_links_color":"","ocean_breadcrumbs_links_hover_color":"","ocean_display_footer_widgets":"default","ocean_display_footer_bottom":"default","ocean_custom_footer_template":"0","footnotes":""},"class_list":["post-274","page","type-page","status-publish","hentry","entry"],"_links":{"self":[{"href":"https:\/\/vinhocallum.pt\/vinhos-beira-interior\/index.php\/wp-json\/wp\/v2\/pages\/274","targetHints":{"allow":["GET"]}}],"collection":[{"href":"https:\/\/vinhocallum.pt\/vinhos-beira-interior\/index.php\/wp-json\/wp\/v2\/pages"}],"about":[{"href":"https:\/\/vinhocallum.pt\/vinhos-beira-interior\/index.php\/wp-json\/wp\/v2\/types\/page"}],"author":[{"embeddable":true,"href":"https:\/\/vinhocallum.pt\/vinhos-beira-interior\/index.php\/wp-json\/wp\/v2\/users\/1"}],"replies":[{"embeddable":true,"href":"https:\/\/vinhocallum.pt\/vinhos-beira-interior\/index.php\/wp-json\/wp\/v2\/comments?post=274"}],"version-history":[{"count":9,"href":"https:\/\/vinhocallum.pt\/vinhos-beira-interior\/index.php\/wp-json\/wp\/v2\/pages\/274\/revisions"}],"predecessor-version":[{"id":1232,"href":"https:\/\/vinhocallum.pt\/vinhos-beira-interior\/index.php\/wp-json\/wp\/v2\/pages\/274\/revisions\/1232"}],"wp:attachment":[{"href":"https:\/\/vinhocallum.pt\/vinhos-beira-interior\/index.php\/wp-json\/wp\/v2\/media?parent=274"}],"curies":[{"name":"wp","href":"https:\/\/api.w.org\/{rel}","templated":true}]}}