{"id":1254,"date":"2023-09-14T23:43:38","date_gmt":"2023-09-14T23:43:38","guid":{"rendered":"https:\/\/vinhocallum.pt\/vinhos-beira-interior\/?page_id=1254"},"modified":"2023-09-14T23:45:30","modified_gmt":"2023-09-14T23:45:30","slug":"politica-de-cookies-fr","status":"publish","type":"page","link":"https:\/\/vinhocallum.pt\/vinhos-beira-interior\/index.php\/fr\/politica-de-cookies-fr\/","title":{"rendered":"Pol\u00edtica de Cookies FR"},"content":{"rendered":"\t\t<div data-elementor-type=\"wp-page\" data-elementor-id=\"1254\" class=\"elementor elementor-1254\">\n\t\t\t\t\t\t<section class=\"elementor-section elementor-top-section elementor-element elementor-element-83d5d0e elementor-section-boxed elementor-section-height-default elementor-section-height-default\" data-id=\"83d5d0e\" data-element_type=\"section\" data-e-type=\"section\">\n\t\t\t\t\t\t<div class=\"elementor-container elementor-column-gap-default\">\n\t\t\t\t\t<div class=\"elementor-column elementor-col-100 elementor-top-column elementor-element elementor-element-351532c\" data-id=\"351532c\" data-element_type=\"column\" data-e-type=\"column\">\n\t\t\t<div class=\"elementor-widget-wrap elementor-element-populated\">\n\t\t\t\t\t\t<div class=\"elementor-element elementor-element-94a69a0 elementor-widget elementor-widget-heading\" data-id=\"94a69a0\" data-element_type=\"widget\" data-e-type=\"widget\" data-widget_type=\"heading.default\">\n\t\t\t\t<div class=\"elementor-widget-container\">\n\t\t\t\t\t<h2 class=\"elementor-heading-title elementor-size-default\">Politique de Cookies<\/h2>\t\t\t\t<\/div>\n\t\t\t\t<\/div>\n\t\t\t\t<div class=\"elementor-element elementor-element-79932fc elementor-widget elementor-widget-text-editor\" data-id=\"79932fc\" data-element_type=\"widget\" data-e-type=\"widget\" data-widget_type=\"text-editor.default\">\n\t\t\t\t<div class=\"elementor-widget-container\">\n\t\t\t\t\t\t\t\t\t<p>\u00a0<\/p><p><strong>Politique de cookies<\/strong><\/p><p>Cette politique de cookies de S\u00e9rgio &amp; Tiod\u00f3zio, Lda d\u00e9crit la mani\u00e8re dont nous utilisons les cookies et technologies similaires sur notre site Web www.vinhocallum.pt (\u00ab Site \u00bb). Cette politique compl\u00e8te notre politique de confidentialit\u00e9.<\/p><p><strong>Que sont les cookies ?<\/strong><\/p><p>Les cookies sont de petits fichiers texte stock\u00e9s sur votre ordinateur ou appareil mobile lorsque vous visitez un site Web. Ils sont largement utilis\u00e9s pour rendre les sites Web plus efficaces, ainsi que pour fournir des informations aux propri\u00e9taires de sites Web.<\/p><p><strong>Quels types de cookies utilisons-nous et pourquoi ?<\/strong><\/p><p>Nous utilisons diff\u00e9rents types de cookies sur le Site, notamment :<\/p><p><strong>Cookies n\u00e9cessaires :<\/strong> Ces cookies sont essentiels au fonctionnement du site Internet et vous permettent de naviguer et d&#8217;utiliser nos fonctionnalit\u00e9s.<\/p><p><strong>Cookies de performance\u00a0:<\/strong> ces cookies collectent des informations sur la mani\u00e8re dont les visiteurs utilisent le site Web, y compris les pages qu&#8217;ils visitent le plus fr\u00e9quemment et s&#8217;ils re\u00e7oivent des messages d&#8217;erreur. Ils sont utilis\u00e9s pour am\u00e9liorer les fonctionnalit\u00e9s du site Internet.<\/p><p><strong>Cookies de fonctionnalit\u00e9\u00a0:<\/strong> ces cookies permettent au site Web de m\u00e9moriser les choix que vous faites (tels que votre nom d&#8217;utilisateur, votre langue ou votre r\u00e9gion) et de fournir des fonctionnalit\u00e9s personnalis\u00e9es. Ils peuvent \u00e9galement \u00eatre utilis\u00e9s pour fournir les services demand\u00e9s, tels que la lecture vid\u00e9o.<\/p><p><strong>Comment contr\u00f4ler les cookies<\/strong><\/p><p>La plupart des navigateurs Web acceptent automatiquement les cookies, mais vous pouvez choisir de refuser ou d&#8217;accepter les cookies via les param\u00e8tres de votre navigateur. Toutefois, si vous choisissez de refuser les cookies, vous ne pourrez peut-\u00eatre pas utiliser toutes les fonctionnalit\u00e9s du Site.<\/p><p><strong>Modifications de cette politique de cookies<\/strong><\/p><p>Nous pouvons mettre \u00e0 jour cette politique en mati\u00e8re de cookies p\u00e9riodiquement pour refl\u00e9ter les modifications apport\u00e9es \u00e0 nos services et \u00e0 nos pratiques de confidentialit\u00e9. Tout changement sera publi\u00e9 ici, nous vous conseillons donc de consulter r\u00e9guli\u00e8rement nos politiques.<\/p><p>Veuillez nous contacter si vous avez des questions ou des pr\u00e9occupations concernant notre politique en mati\u00e8re de cookies par e-mail \u00e0 geral@vinhocallum.pt.<\/p>\t\t\t\t\t\t\t\t<\/div>\n\t\t\t\t<\/div>\n\t\t\t\t\t<\/div>\n\t\t<\/div>\n\t\t\t\t\t<\/div>\n\t\t<\/section>\n\t\t\t\t<\/div>\n\t\t","protected":false},"excerpt":{"rendered":"<p>Politique de Cookies \u00a0 Politique de cookies Cette politique de cookies de S\u00e9rgio &amp; Tiod\u00f3zio, Lda d\u00e9crit la mani\u00e8re dont nous utilisons les cookies et technologies similaires sur notre site Web www.vinhocallum.pt (\u00ab Site \u00bb). Cette politique compl\u00e8te notre politique de confidentialit\u00e9. Que sont les cookies ? Les cookies sont de petits fichiers texte stock\u00e9s [&hellip;]<\/p>\n","protected":false},"author":1,"featured_media":0,"parent":0,"menu_order":15,"comment_status":"closed","ping_status":"closed","template":"elementor_canvas","meta":{"ocean_post_layout":"","ocean_both_sidebars_style":"","ocean_both_sidebars_content_width":0,"ocean_both_sidebars_sidebars_width":0,"ocean_sidebar":"0","ocean_second_sidebar":"0","ocean_disable_margins":"enable","ocean_add_body_class":"","ocean_shortcode_before_top_bar":"","ocean_shortcode_after_top_bar":"","ocean_shortcode_before_header":"","ocean_shortcode_after_header":"","ocean_has_shortcode":"","ocean_shortcode_after_title":"","ocean_shortcode_before_footer_widgets":"","ocean_shortcode_after_footer_widgets":"","ocean_shortcode_before_footer_bottom":"","ocean_shortcode_after_footer_bottom":"","ocean_display_top_bar":"default","ocean_display_header":"default","ocean_header_style":"","ocean_center_header_left_menu":"0","ocean_custom_header_template":"0","ocean_custom_logo":0,"ocean_custom_retina_logo":0,"ocean_custom_logo_max_width":0,"ocean_custom_logo_tablet_max_width":0,"ocean_custom_logo_mobile_max_width":0,"ocean_custom_logo_max_height":0,"ocean_custom_logo_tablet_max_height":0,"ocean_custom_logo_mobile_max_height":0,"ocean_header_custom_menu":"0","ocean_menu_typo_font_family":"0","ocean_menu_typo_font_subset":"","ocean_menu_typo_font_size":0,"ocean_menu_typo_font_size_tablet":0,"ocean_menu_typo_font_size_mobile":0,"ocean_menu_typo_font_size_unit":"px","ocean_menu_typo_font_weight":"","ocean_menu_typo_font_weight_tablet":"","ocean_menu_typo_font_weight_mobile":"","ocean_menu_typo_transform":"","ocean_menu_typo_transform_tablet":"","ocean_menu_typo_transform_mobile":"","ocean_menu_typo_line_height":0,"ocean_menu_typo_line_height_tablet":0,"ocean_menu_typo_line_height_mobile":0,"ocean_menu_typo_line_height_unit":"","ocean_menu_typo_spacing":0,"ocean_menu_typo_spacing_tablet":0,"ocean_menu_typo_spacing_mobile":0,"ocean_menu_typo_spacing_unit":"","ocean_menu_link_color":"","ocean_menu_link_color_hover":"","ocean_menu_link_color_active":"","ocean_menu_link_background":"","ocean_menu_link_hover_background":"","ocean_menu_link_active_background":"","ocean_menu_social_links_bg":"","ocean_menu_social_hover_links_bg":"","ocean_menu_social_links_color":"","ocean_menu_social_hover_links_color":"","ocean_disable_title":"default","ocean_disable_heading":"default","ocean_post_title":"","ocean_post_subheading":"","ocean_post_title_style":"","ocean_post_title_background_color":"","ocean_post_title_background":0,"ocean_post_title_bg_image_position":"","ocean_post_title_bg_image_attachment":"","ocean_post_title_bg_image_repeat":"","ocean_post_title_bg_image_size":"","ocean_post_title_height":0,"ocean_post_title_bg_overlay":0.5,"ocean_post_title_bg_overlay_color":"","ocean_disable_breadcrumbs":"default","ocean_breadcrumbs_color":"","ocean_breadcrumbs_separator_color":"","ocean_breadcrumbs_links_color":"","ocean_breadcrumbs_links_hover_color":"","ocean_display_footer_widgets":"default","ocean_display_footer_bottom":"default","ocean_custom_footer_template":"0","footnotes":""},"class_list":["post-1254","page","type-page","status-publish","hentry","entry"],"_links":{"self":[{"href":"https:\/\/vinhocallum.pt\/vinhos-beira-interior\/index.php\/wp-json\/wp\/v2\/pages\/1254","targetHints":{"allow":["GET"]}}],"collection":[{"href":"https:\/\/vinhocallum.pt\/vinhos-beira-interior\/index.php\/wp-json\/wp\/v2\/pages"}],"about":[{"href":"https:\/\/vinhocallum.pt\/vinhos-beira-interior\/index.php\/wp-json\/wp\/v2\/types\/page"}],"author":[{"embeddable":true,"href":"https:\/\/vinhocallum.pt\/vinhos-beira-interior\/index.php\/wp-json\/wp\/v2\/users\/1"}],"replies":[{"embeddable":true,"href":"https:\/\/vinhocallum.pt\/vinhos-beira-interior\/index.php\/wp-json\/wp\/v2\/comments?post=1254"}],"version-history":[{"count":4,"href":"https:\/\/vinhocallum.pt\/vinhos-beira-interior\/index.php\/wp-json\/wp\/v2\/pages\/1254\/revisions"}],"predecessor-version":[{"id":1258,"href":"https:\/\/vinhocallum.pt\/vinhos-beira-interior\/index.php\/wp-json\/wp\/v2\/pages\/1254\/revisions\/1258"}],"wp:attachment":[{"href":"https:\/\/vinhocallum.pt\/vinhos-beira-interior\/index.php\/wp-json\/wp\/v2\/media?parent=1254"}],"curies":[{"name":"wp","href":"https:\/\/api.w.org\/{rel}","templated":true}]}}