{"id":1242,"date":"2023-09-14T23:35:07","date_gmt":"2023-09-14T23:35:07","guid":{"rendered":"https:\/\/vinhocallum.pt\/vinhos-beira-interior\/?page_id=1242"},"modified":"2023-09-14T23:38:28","modified_gmt":"2023-09-14T23:38:28","slug":"politica-de-privacidade-fr","status":"publish","type":"page","link":"https:\/\/vinhocallum.pt\/vinhos-beira-interior\/index.php\/fr\/politica-de-privacidade-fr\/","title":{"rendered":"Pol\u00edtica de Privacidade FR"},"content":{"rendered":"\t\t<div data-elementor-type=\"wp-page\" data-elementor-id=\"1242\" class=\"elementor elementor-1242\">\n\t\t\t\t\t\t<section class=\"elementor-section elementor-top-section elementor-element elementor-element-83d5d0e elementor-section-boxed elementor-section-height-default elementor-section-height-default\" data-id=\"83d5d0e\" data-element_type=\"section\" data-e-type=\"section\">\n\t\t\t\t\t\t<div class=\"elementor-container elementor-column-gap-default\">\n\t\t\t\t\t<div class=\"elementor-column elementor-col-100 elementor-top-column elementor-element elementor-element-351532c\" data-id=\"351532c\" data-element_type=\"column\" data-e-type=\"column\">\n\t\t\t<div class=\"elementor-widget-wrap elementor-element-populated\">\n\t\t\t\t\t\t<div class=\"elementor-element elementor-element-94a69a0 elementor-widget elementor-widget-heading\" data-id=\"94a69a0\" data-element_type=\"widget\" data-e-type=\"widget\" data-widget_type=\"heading.default\">\n\t\t\t\t<div class=\"elementor-widget-container\">\n\t\t\t\t\t<h2 class=\"elementor-heading-title elementor-size-default\">Politique de Confidentialit\u00e9<\/h2>\t\t\t\t<\/div>\n\t\t\t\t<\/div>\n\t\t\t\t<div class=\"elementor-element elementor-element-79932fc elementor-widget elementor-widget-text-editor\" data-id=\"79932fc\" data-element_type=\"widget\" data-e-type=\"widget\" data-widget_type=\"text-editor.default\">\n\t\t\t\t<div class=\"elementor-widget-container\">\n\t\t\t\t\t\t\t\t\t<p><strong>Port\u00e9e<\/strong><\/p><p>Cette politique de confidentialit\u00e9 couvre ce site Web \u2013 www.vinhocallum.pt.<\/p><p>Les donn\u00e9es ne sont trait\u00e9es \u00e0 aucune fin autre que celles sp\u00e9cifi\u00e9es ici.<\/p><p>Les donn\u00e9es collect\u00e9es par S\u00e9rgio &amp; Tiod\u00f3sio, Lda. sont destin\u00e9es au traitement des commandes et \u00e0 la communication avec les clients ou aux demandes d&#8217;informations.<\/p><p>Les Donn\u00e9es Personnelles garantissent le respect des dispositions du R\u00e8glement (UE) 2016\/679 du Parlement europ\u00e9en et du Conseil du 27 avril 2016 et des autres l\u00e9gislations applicables et en mati\u00e8re de protection des donn\u00e9es et de la vie priv\u00e9e (\u00ab L\u00e9gislation sur la protection des donn\u00e9es \u00bb).<\/p><p>S\u00e9rgio &amp; Tiod\u00f3zio, Lda s&#8217;engage \u00e0 prot\u00e9ger la vie priv\u00e9e des visiteurs de son site Web et de ses clients, et \u00e0 respecter les obligations \u00e9tablies par le R\u00e8glement G\u00e9n\u00e9ral sur la Protection des Donn\u00e9es (RGPD). Cette politique de confidentialit\u00e9 d\u00e9crit les informations que nous collectons, comment nous les utilisons et les prot\u00e9geons. En utilisant notre site Web ou en fournissant des informations personnelles, le visiteur accepte cette politique de confidentialit\u00e9.<\/p><p><strong>Informations que nous collectons<\/strong><\/p><p>En tant que visiteur du site Web, il n\u2019est pas n\u00e9cessaire de fournir des donn\u00e9es personnelles pour son utilisation.<\/p><p>Nous pouvons collecter des informations personnelles, telles que nom, adresse email, adresse postale et num\u00e9ro de t\u00e9l\u00e9phone, lorsque le visiteur prend l&#8217;initiative de nous contacter.<\/p><p>Les donn\u00e9es personnelles des utilisateurs ne sont collect\u00e9es que lors d&#8217;une demande de coordonn\u00e9es, afin de pouvoir r\u00e9pondre aux pr\u00e9cisions demand\u00e9es.<\/p><p>Nous ne collectons actuellement aucune information via Google Analytics telle que l&#8217;origine g\u00e9ographique (ville, pays), le type d&#8217;appareil, le syst\u00e8me d&#8217;exploitation, le navigateur, l&#8217;op\u00e9rateur et l&#8217;acc\u00e8s. Si cette situation change, elle sera communiqu\u00e9e ici en temps utile, il vous est donc conseill\u00e9 de revoir r\u00e9guli\u00e8rement cette politique.<\/p><p><strong>Comment nous utilisons les informations<\/strong><\/p><p>Les informations personnelles que nous collectons sont uniquement utilis\u00e9es pour permettre la fourniture des services demand\u00e9s, tels que des \u00e9claircissements ou la vente de notre produit et ne seront utilis\u00e9es pour aucun autre traitement, y compris le marketing direct.<\/p><p><strong>Comment nous prot\u00e9geons les informations<\/strong><\/p><p>Toutes les donn\u00e9es relatives \u00e0 ce site Web www.vinhocallum.pt sont stock\u00e9es sur des serveurs situ\u00e9s dans l&#8217;Union europ\u00e9enne. Ces serveurs sont prot\u00e9g\u00e9s et entretenus conform\u00e9ment aux normes de s\u00e9curit\u00e9, afin de respecter les lois applicables en mati\u00e8re de confidentialit\u00e9.<\/p><p>Les informations ne sont accessibles qu&#8217;aux personnes autoris\u00e9es de S\u00e9rgio &amp; Tiod\u00f3zio, Lda et ne sont conserv\u00e9es que pendant le temps n\u00e9cessaire pour fournir les services demand\u00e9s ou pour se conformer aux obligations l\u00e9gales.<\/p><p><strong>Partage d&#8217;information<\/strong><\/p><p>Nous ne partageons pas d&#8217;informations personnelles avec des tiers, sauf si cela est n\u00e9cessaire pour fournir les services demand\u00e9s ou nous conformer aux obligations l\u00e9gales.<\/p><p><strong>Cookies<\/strong><\/p><p>Notre site Web utilise des cookies pour am\u00e9liorer l&#8217;exp\u00e9rience utilisateur et pour l&#8217;analyse des donn\u00e9es. Les cookies sont des fichiers texte stock\u00e9s sur l&#8217;ordinateur du visiteur qui contiennent des informations relatives \u00e0 la navigation sur le site Internet. Les visiteurs peuvent choisir de ne pas accepter les cookies via les param\u00e8tres de leur navigateur, mais cela peut limiter les fonctionnalit\u00e9s du site.<\/p><p><strong>Droits des personnes concern\u00e9es<\/strong><\/p><p>Tout le contenu fourni dans les demandes de coordonn\u00e9es est destin\u00e9 aux finalit\u00e9s d\u00e9termin\u00e9es, garantissant au titulaire l&#8217;acc\u00e8s, la mise \u00e0 jour, la rectification et la suppression de ses donn\u00e9es.<\/p><p>Les personnes concern\u00e9es ont le droit d&#8217;acc\u00e9der, de rectification et de suppression de leurs informations personnelles, ainsi que le droit de limiter le traitement et de s&#8217;opposer au traitement de leurs informations personnelles. Pour exercer ces droits, contactez-nous par e-mail geral@vinhocallum.pt.<\/p><p><strong>Liens vers des pages Web<\/strong><\/p><p>Il existe des liens vers des pages Web d&#8217;entit\u00e9s tierces susceptibles d&#8217;int\u00e9resser l&#8217;utilisateur, et ce site n&#8217;est pas responsable de la mani\u00e8re dont ces entit\u00e9s traitent la confidentialit\u00e9 et la protection des donn\u00e9es.<\/p><p><strong>Modifications de cette politique de confidentialit\u00e9<\/strong><\/p><p>Les mises \u00e0 jour de cette politique de confidentialit\u00e9 afin de refl\u00e9ter les modifications apport\u00e9es \u00e0 nos services et le respect des obligations l\u00e9gales seront publi\u00e9es sur notre site Web.<\/p><p>Si vous avez des questions ou des pr\u00e9occupations concernant notre politique de confidentialit\u00e9, veuillez nous contacter par e-mail geral@vinhocallum.pt.<\/p>\t\t\t\t\t\t\t\t<\/div>\n\t\t\t\t<\/div>\n\t\t\t\t\t<\/div>\n\t\t<\/div>\n\t\t\t\t\t<\/div>\n\t\t<\/section>\n\t\t\t\t<\/div>\n\t\t","protected":false},"excerpt":{"rendered":"<p>Politique de Confidentialit\u00e9 Port\u00e9e Cette politique de confidentialit\u00e9 couvre ce site Web \u2013 www.vinhocallum.pt. Les donn\u00e9es ne sont trait\u00e9es \u00e0 aucune fin autre que celles sp\u00e9cifi\u00e9es ici. Les donn\u00e9es collect\u00e9es par S\u00e9rgio &amp; Tiod\u00f3sio, Lda. sont destin\u00e9es au traitement des commandes et \u00e0 la communication avec les clients ou aux demandes d&#8217;informations. Les Donn\u00e9es Personnelles [&hellip;]<\/p>\n","protected":false},"author":1,"featured_media":0,"parent":0,"menu_order":12,"comment_status":"closed","ping_status":"closed","template":"elementor_canvas","meta":{"ocean_post_layout":"","ocean_both_sidebars_style":"","ocean_both_sidebars_content_width":0,"ocean_both_sidebars_sidebars_width":0,"ocean_sidebar":"0","ocean_second_sidebar":"0","ocean_disable_margins":"enable","ocean_add_body_class":"","ocean_shortcode_before_top_bar":"","ocean_shortcode_after_top_bar":"","ocean_shortcode_before_header":"","ocean_shortcode_after_header":"","ocean_has_shortcode":"","ocean_shortcode_after_title":"","ocean_shortcode_before_footer_widgets":"","ocean_shortcode_after_footer_widgets":"","ocean_shortcode_before_footer_bottom":"","ocean_shortcode_after_footer_bottom":"","ocean_display_top_bar":"default","ocean_display_header":"default","ocean_header_style":"","ocean_center_header_left_menu":"0","ocean_custom_header_template":"0","ocean_custom_logo":0,"ocean_custom_retina_logo":0,"ocean_custom_logo_max_width":0,"ocean_custom_logo_tablet_max_width":0,"ocean_custom_logo_mobile_max_width":0,"ocean_custom_logo_max_height":0,"ocean_custom_logo_tablet_max_height":0,"ocean_custom_logo_mobile_max_height":0,"ocean_header_custom_menu":"0","ocean_menu_typo_font_family":"0","ocean_menu_typo_font_subset":"","ocean_menu_typo_font_size":0,"ocean_menu_typo_font_size_tablet":0,"ocean_menu_typo_font_size_mobile":0,"ocean_menu_typo_font_size_unit":"px","ocean_menu_typo_font_weight":"","ocean_menu_typo_font_weight_tablet":"","ocean_menu_typo_font_weight_mobile":"","ocean_menu_typo_transform":"","ocean_menu_typo_transform_tablet":"","ocean_menu_typo_transform_mobile":"","ocean_menu_typo_line_height":0,"ocean_menu_typo_line_height_tablet":0,"ocean_menu_typo_line_height_mobile":0,"ocean_menu_typo_line_height_unit":"","ocean_menu_typo_spacing":0,"ocean_menu_typo_spacing_tablet":0,"ocean_menu_typo_spacing_mobile":0,"ocean_menu_typo_spacing_unit":"","ocean_menu_link_color":"","ocean_menu_link_color_hover":"","ocean_menu_link_color_active":"","ocean_menu_link_background":"","ocean_menu_link_hover_background":"","ocean_menu_link_active_background":"","ocean_menu_social_links_bg":"","ocean_menu_social_hover_links_bg":"","ocean_menu_social_links_color":"","ocean_menu_social_hover_links_color":"","ocean_disable_title":"default","ocean_disable_heading":"default","ocean_post_title":"","ocean_post_subheading":"","ocean_post_title_style":"","ocean_post_title_background_color":"","ocean_post_title_background":0,"ocean_post_title_bg_image_position":"","ocean_post_title_bg_image_attachment":"","ocean_post_title_bg_image_repeat":"","ocean_post_title_bg_image_size":"","ocean_post_title_height":0,"ocean_post_title_bg_overlay":0.5,"ocean_post_title_bg_overlay_color":"","ocean_disable_breadcrumbs":"default","ocean_breadcrumbs_color":"","ocean_breadcrumbs_separator_color":"","ocean_breadcrumbs_links_color":"","ocean_breadcrumbs_links_hover_color":"","ocean_display_footer_widgets":"default","ocean_display_footer_bottom":"default","ocean_custom_footer_template":"0","footnotes":""},"class_list":["post-1242","page","type-page","status-publish","hentry","entry"],"_links":{"self":[{"href":"https:\/\/vinhocallum.pt\/vinhos-beira-interior\/index.php\/wp-json\/wp\/v2\/pages\/1242","targetHints":{"allow":["GET"]}}],"collection":[{"href":"https:\/\/vinhocallum.pt\/vinhos-beira-interior\/index.php\/wp-json\/wp\/v2\/pages"}],"about":[{"href":"https:\/\/vinhocallum.pt\/vinhos-beira-interior\/index.php\/wp-json\/wp\/v2\/types\/page"}],"author":[{"embeddable":true,"href":"https:\/\/vinhocallum.pt\/vinhos-beira-interior\/index.php\/wp-json\/wp\/v2\/users\/1"}],"replies":[{"embeddable":true,"href":"https:\/\/vinhocallum.pt\/vinhos-beira-interior\/index.php\/wp-json\/wp\/v2\/comments?post=1242"}],"version-history":[{"count":4,"href":"https:\/\/vinhocallum.pt\/vinhos-beira-interior\/index.php\/wp-json\/wp\/v2\/pages\/1242\/revisions"}],"predecessor-version":[{"id":1246,"href":"https:\/\/vinhocallum.pt\/vinhos-beira-interior\/index.php\/wp-json\/wp\/v2\/pages\/1242\/revisions\/1246"}],"wp:attachment":[{"href":"https:\/\/vinhocallum.pt\/vinhos-beira-interior\/index.php\/wp-json\/wp\/v2\/media?parent=1242"}],"curies":[{"name":"wp","href":"https:\/\/api.w.org\/{rel}","templated":true}]}}